{"id":76,"date":"2020-08-05T21:40:14","date_gmt":"2020-08-06T04:40:14","guid":{"rendered":"http:\/\/fuerzamigrante.ca\/?page_id=76"},"modified":"2021-02-06T22:55:02","modified_gmt":"2021-02-07T06:55:02","slug":"apoyanos","status":"publish","type":"page","link":"https:\/\/fuerzamigrante.ca\/en\/apoyanos\/","title":{"rendered":"Support us"},"content":{"rendered":"<p>Fuerza Migrante is a volunteer-run organization. Each of us dedicates our free time, skills, and resources <a href=\"https:\/\/fuerzamigrante.ca\/en\/nuestro-trabajo\/\">to the work that we know must be done<\/a>. With the support and active participation of our members we are able to achieve a lot, but donations and support from others can help make our work easier.<\/p>\n\n\n\n<p>Our activities include offering workshops so folks can learn more about the situation of migrant farm workers, so if you are interested, you can help coordinate an event at your workplace, with your family, or make a proposal to your union, association, etc. to invite us to do a workshop or have a conversation with them.<\/p>\n\n\n\n<figure class=\"wp-block-image size-large\"><img loading=\"lazy\" decoding=\"async\" width=\"1024\" height=\"498\" src=\"https:\/\/fuerzamigrante.ca\/wp-content\/uploads\/2020\/08\/visiting-farms-04-1024x498.jpg\" alt=\"Miembro de Fuerza Migrante recibiendo una llamada telef\u00f3nica mientras camina rumbo a la casa de trabajadorxs migrantes agr\u00edcolas\" class=\"wp-image-46\" srcset=\"https:\/\/fuerzamigrante.ca\/wp-content\/uploads\/2020\/08\/visiting-farms-04-1024x498.jpg 1024w, https:\/\/fuerzamigrante.ca\/wp-content\/uploads\/2020\/08\/visiting-farms-04-300x146.jpg 300w, https:\/\/fuerzamigrante.ca\/wp-content\/uploads\/2020\/08\/visiting-farms-04-768x373.jpg 768w, https:\/\/fuerzamigrante.ca\/wp-content\/uploads\/2020\/08\/visiting-farms-04-1536x747.jpg 1536w, https:\/\/fuerzamigrante.ca\/wp-content\/uploads\/2020\/08\/visiting-farms-04-2048x996.jpg 2048w, https:\/\/fuerzamigrante.ca\/wp-content\/uploads\/2020\/08\/visiting-farms-04-1200x583.jpg 1200w, https:\/\/fuerzamigrante.ca\/wp-content\/uploads\/2020\/08\/visiting-farms-04-1980x963.jpg 1980w\" sizes=\"auto, (max-width: 1024px) 100vw, 1024px\" \/><figcaption>A member of Fuerza Migrante answers the phone as he walks toward a house of migrant farm workers.<\/figcaption><\/figure>\n\n\n\n<p>If you can, please make a donation to Fuerza Migrante: all the funds we receive go directly into our organizing work, like transportation costs to visit the workers, snacks and transportation for events offered to them, supplies and materials, etc.<\/p>\n\n\n\n<p>You can also participate with us. If you are interested in volunteering with the organization, please fill out the form below and we will get in touch with you.<\/p>\n\n\n\n<div class=\"wp-block-columns is-layout-flex wp-container-core-columns-is-layout-9d6595d7 wp-block-columns-is-layout-flex\">\n<div class=\"wp-block-column is-layout-flow wp-block-column-is-layout-flow\">\n<div class=\"wp-block-buttons aligncenter is-layout-flex wp-block-buttons-is-layout-flex\">\n<div class=\"wp-block-button\"><a class=\"wp-block-button__link has-primary-color has-cool-to-warm-spectrum-gradient-background has-text-color has-background\" href=\"https:\/\/donorbox.org\/support-fuerza-migrante\" style=\"border-radius:5px\" target=\"_blank\" rel=\"noreferrer noopener\">DONATE HERE<\/a><\/div>\n<\/div>\n<\/div>\n\n\n\n<div class=\"wp-block-column is-layout-flow wp-block-column-is-layout-flow\">\n<div class=\"wp-block-buttons aligncenter is-layout-flex wp-block-buttons-is-layout-flex\">\n<div class=\"wp-block-button\"><a class=\"wp-block-button__link has-primary-color has-blush-bordeaux-gradient-background has-text-color has-background\" href=\"https:\/\/docs.google.com\/forms\/d\/e\/1FAIpQLSe-MZA110hGq1YSPphMvu6FHrzwYH8FUZ9i3okQyTErumLAfw\/viewform?usp=sf_link\" style=\"border-radius:5px\" target=\"_blank\" rel=\"noreferrer noopener\">VOLUNTEER HERE<\/a><\/div>\n<\/div>\n<\/div>\n<\/div>\n\n\n\n<p>If you have ideas for a project, or you are already in contact with some migrant workers and want to develop your work in coordination with Fuerza Migrante, we can also explore that. Get in touch and help build an autonomous movement of migrant workers!<\/p>\n\n\n\n<figure class=\"wp-block-image size-large\"><img loading=\"lazy\" decoding=\"async\" width=\"1024\" height=\"498\" src=\"http:\/\/fuerzamigrante.ca\/wp-content\/uploads\/2020\/08\/a-taste-of-change-event-1024x498.jpg\" alt=\"\" class=\"wp-image-45\" srcset=\"https:\/\/fuerzamigrante.ca\/wp-content\/uploads\/2020\/08\/a-taste-of-change-event-1024x498.jpg 1024w, https:\/\/fuerzamigrante.ca\/wp-content\/uploads\/2020\/08\/a-taste-of-change-event-300x146.jpg 300w, https:\/\/fuerzamigrante.ca\/wp-content\/uploads\/2020\/08\/a-taste-of-change-event-768x373.jpg 768w, https:\/\/fuerzamigrante.ca\/wp-content\/uploads\/2020\/08\/a-taste-of-change-event-1536x747.jpg 1536w, https:\/\/fuerzamigrante.ca\/wp-content\/uploads\/2020\/08\/a-taste-of-change-event-2048x996.jpg 2048w, https:\/\/fuerzamigrante.ca\/wp-content\/uploads\/2020\/08\/a-taste-of-change-event-1200x583.jpg 1200w, https:\/\/fuerzamigrante.ca\/wp-content\/uploads\/2020\/08\/a-taste-of-change-event-1980x963.jpg 1980w\" sizes=\"auto, (max-width: 1024px) 100vw, 1024px\" \/><figcaption>Fuerza Migrante offers workshops for Canadians, in which migrant workers also participate, in order to build links of solidarity.<\/figcaption><\/figure>","protected":false},"excerpt":{"rendered":"<p>Fuerza Migrante es una organizaci\u00f3n de voluntaries. Dedicamos nuestro tiempo libre, habilidades y recursos al trabajo que sabemos que debe hacerse. Aunque la participaci\u00f3n activa de nuestres miembres es fundamental, otrxs pueden hacer este trabajo m\u00e1s f\u00e1cil. \u00a1Ap\u00f3yanos! Dentro de nuestras actividades est\u00e1 ofrecer talleres educacionales para que la gente sepa m\u00e1s sobre la situaci\u00f3n [&hellip;]<\/p>\n","protected":false},"author":1,"featured_media":49,"parent":0,"menu_order":0,"comment_status":"closed","ping_status":"closed","template":"","meta":{"footnotes":""},"class_list":["post-76","page","type-page","status-publish","has-post-thumbnail","hentry"],"yoast_head":"<!-- This site is optimized with the Yoast SEO plugin v27.2 - https:\/\/yoast.com\/product\/yoast-seo-wordpress\/ -->\n<title>Ap\u00f3yanos - Fuerza Migrante<\/title>\n<meta name=\"description\" content=\"Aunque la participaci\u00f3n activa de nuestres miembres es fundamental, otrxs pueden hacer este trabajo m\u00e1s f\u00e1cil. \u00a1Ap\u00f3yanos!\" \/>\n<meta name=\"robots\" content=\"index, follow, max-snippet:-1, max-image-preview:large, max-video-preview:-1\" \/>\n<link rel=\"canonical\" href=\"https:\/\/fuerzamigrante.ca\/en\/apoyanos\/\" \/>\n<meta property=\"og:locale\" content=\"en_US\" \/>\n<meta property=\"og:type\" content=\"article\" \/>\n<meta property=\"og:title\" content=\"Ap\u00f3yanos - Fuerza Migrante\" \/>\n<meta property=\"og:description\" content=\"Aunque la participaci\u00f3n activa de nuestres miembres es fundamental, otrxs pueden hacer este trabajo m\u00e1s f\u00e1cil. \u00a1Ap\u00f3yanos!\" \/>\n<meta property=\"og:url\" content=\"https:\/\/fuerzamigrante.ca\/en\/apoyanos\/\" \/>\n<meta property=\"og:site_name\" content=\"Fuerza Migrante\" \/>\n<meta property=\"article:publisher\" content=\"https:\/\/facebook.com\/fuerzamigrantx\" \/>\n<meta property=\"article:modified_time\" content=\"2021-02-07T06:55:02+00:00\" \/>\n<meta property=\"og:image\" content=\"https:\/\/fuerzamigrante.ca\/wp-content\/uploads\/2020\/08\/workshop-scaled.jpg\" \/>\n\t<meta property=\"og:image:width\" content=\"2560\" \/>\n\t<meta property=\"og:image:height\" content=\"1244\" \/>\n\t<meta property=\"og:image:type\" content=\"image\/jpeg\" \/>\n<meta name=\"twitter:card\" content=\"summary_large_image\" \/>\n<meta name=\"twitter:site\" content=\"@fuerzamigrantx\" \/>\n<meta name=\"twitter:label1\" content=\"Est. reading time\" \/>\n\t<meta name=\"twitter:data1\" content=\"2 minutes\" \/>\n<script type=\"application\/ld+json\" class=\"yoast-schema-graph\">{\"@context\":\"https:\/\/schema.org\",\"@graph\":[{\"@type\":\"WebPage\",\"@id\":\"https:\/\/fuerzamigrante.ca\/apoyanos\/\",\"url\":\"https:\/\/fuerzamigrante.ca\/apoyanos\/\",\"name\":\"Ap\u00f3yanos - Fuerza Migrante\",\"isPartOf\":{\"@id\":\"https:\/\/fuerzamigrante.ca\/#website\"},\"primaryImageOfPage\":{\"@id\":\"https:\/\/fuerzamigrante.ca\/apoyanos\/#primaryimage\"},\"image\":{\"@id\":\"https:\/\/fuerzamigrante.ca\/apoyanos\/#primaryimage\"},\"thumbnailUrl\":\"https:\/\/fuerzamigrante.ca\/wp-content\/uploads\/2020\/08\/workshop-scaled.jpg\",\"datePublished\":\"2020-08-06T04:40:14+00:00\",\"dateModified\":\"2021-02-07T06:55:02+00:00\",\"description\":\"Aunque la participaci\u00f3n activa de nuestres miembres es fundamental, otrxs pueden hacer este trabajo m\u00e1s f\u00e1cil. \u00a1Ap\u00f3yanos!\",\"breadcrumb\":{\"@id\":\"https:\/\/fuerzamigrante.ca\/apoyanos\/#breadcrumb\"},\"inLanguage\":\"en-CA\",\"potentialAction\":[{\"@type\":\"ReadAction\",\"target\":[\"https:\/\/fuerzamigrante.ca\/apoyanos\/\"]}]},{\"@type\":\"ImageObject\",\"inLanguage\":\"en-CA\",\"@id\":\"https:\/\/fuerzamigrante.ca\/apoyanos\/#primaryimage\",\"url\":\"https:\/\/fuerzamigrante.ca\/wp-content\/uploads\/2020\/08\/workshop-scaled.jpg\",\"contentUrl\":\"https:\/\/fuerzamigrante.ca\/wp-content\/uploads\/2020\/08\/workshop-scaled.jpg\",\"width\":2560,\"height\":1244,\"caption\":\"Trabajadorxs migrantes agr\u00edcolas participan en un juego durante un taller educativo ofrecido por Fuerza Migrante\"},{\"@type\":\"BreadcrumbList\",\"@id\":\"https:\/\/fuerzamigrante.ca\/apoyanos\/#breadcrumb\",\"itemListElement\":[{\"@type\":\"ListItem\",\"position\":1,\"name\":\"Home\",\"item\":\"https:\/\/fuerzamigrante.ca\/\"},{\"@type\":\"ListItem\",\"position\":2,\"name\":\"Ap\u00f3yanos\"}]},{\"@type\":\"WebSite\",\"@id\":\"https:\/\/fuerzamigrante.ca\/#website\",\"url\":\"https:\/\/fuerzamigrante.ca\/\",\"name\":\"Fuerza Migrante\",\"description\":\"Por la libertad y autonom\u00eda de les migrantes!\",\"publisher\":{\"@id\":\"https:\/\/fuerzamigrante.ca\/#organization\"},\"potentialAction\":[{\"@type\":\"SearchAction\",\"target\":{\"@type\":\"EntryPoint\",\"urlTemplate\":\"https:\/\/fuerzamigrante.ca\/?s={search_term_string}\"},\"query-input\":{\"@type\":\"PropertyValueSpecification\",\"valueRequired\":true,\"valueName\":\"search_term_string\"}}],\"inLanguage\":\"en-CA\"},{\"@type\":\"Organization\",\"@id\":\"https:\/\/fuerzamigrante.ca\/#organization\",\"name\":\"Fuerza Migrante\",\"url\":\"https:\/\/fuerzamigrante.ca\/\",\"logo\":{\"@type\":\"ImageObject\",\"inLanguage\":\"en-CA\",\"@id\":\"https:\/\/fuerzamigrante.ca\/#\/schema\/logo\/image\/\",\"url\":\"https:\/\/fuerzamigrante.ca\/wp-content\/uploads\/2020\/08\/fm-logo-main.png\",\"contentUrl\":\"https:\/\/fuerzamigrante.ca\/wp-content\/uploads\/2020\/08\/fm-logo-main.png\",\"width\":547,\"height\":594,\"caption\":\"Fuerza Migrante\"},\"image\":{\"@id\":\"https:\/\/fuerzamigrante.ca\/#\/schema\/logo\/image\/\"},\"sameAs\":[\"https:\/\/facebook.com\/fuerzamigrantx\",\"https:\/\/x.com\/fuerzamigrantx\"]}]}<\/script>\n<!-- \/ Yoast SEO plugin. -->","yoast_head_json":{"title":"Ap\u00f3yanos - Fuerza Migrante","description":"Aunque la participaci\u00f3n activa de nuestres miembres es fundamental, otrxs pueden hacer este trabajo m\u00e1s f\u00e1cil. \u00a1Ap\u00f3yanos!","robots":{"index":"index","follow":"follow","max-snippet":"max-snippet:-1","max-image-preview":"max-image-preview:large","max-video-preview":"max-video-preview:-1"},"canonical":"https:\/\/fuerzamigrante.ca\/en\/apoyanos\/","og_locale":"en_US","og_type":"article","og_title":"Ap\u00f3yanos - Fuerza Migrante","og_description":"Aunque la participaci\u00f3n activa de nuestres miembres es fundamental, otrxs pueden hacer este trabajo m\u00e1s f\u00e1cil. \u00a1Ap\u00f3yanos!","og_url":"https:\/\/fuerzamigrante.ca\/en\/apoyanos\/","og_site_name":"Fuerza Migrante","article_publisher":"https:\/\/facebook.com\/fuerzamigrantx","article_modified_time":"2021-02-07T06:55:02+00:00","og_image":[{"width":2560,"height":1244,"url":"https:\/\/fuerzamigrante.ca\/wp-content\/uploads\/2020\/08\/workshop-scaled.jpg","type":"image\/jpeg"}],"twitter_card":"summary_large_image","twitter_site":"@fuerzamigrantx","twitter_misc":{"Est. reading time":"2 minutes"},"schema":{"@context":"https:\/\/schema.org","@graph":[{"@type":"WebPage","@id":"https:\/\/fuerzamigrante.ca\/apoyanos\/","url":"https:\/\/fuerzamigrante.ca\/apoyanos\/","name":"Ap\u00f3yanos - Fuerza Migrante","isPartOf":{"@id":"https:\/\/fuerzamigrante.ca\/#website"},"primaryImageOfPage":{"@id":"https:\/\/fuerzamigrante.ca\/apoyanos\/#primaryimage"},"image":{"@id":"https:\/\/fuerzamigrante.ca\/apoyanos\/#primaryimage"},"thumbnailUrl":"https:\/\/fuerzamigrante.ca\/wp-content\/uploads\/2020\/08\/workshop-scaled.jpg","datePublished":"2020-08-06T04:40:14+00:00","dateModified":"2021-02-07T06:55:02+00:00","description":"Aunque la participaci\u00f3n activa de nuestres miembres es fundamental, otrxs pueden hacer este trabajo m\u00e1s f\u00e1cil. \u00a1Ap\u00f3yanos!","breadcrumb":{"@id":"https:\/\/fuerzamigrante.ca\/apoyanos\/#breadcrumb"},"inLanguage":"en-CA","potentialAction":[{"@type":"ReadAction","target":["https:\/\/fuerzamigrante.ca\/apoyanos\/"]}]},{"@type":"ImageObject","inLanguage":"en-CA","@id":"https:\/\/fuerzamigrante.ca\/apoyanos\/#primaryimage","url":"https:\/\/fuerzamigrante.ca\/wp-content\/uploads\/2020\/08\/workshop-scaled.jpg","contentUrl":"https:\/\/fuerzamigrante.ca\/wp-content\/uploads\/2020\/08\/workshop-scaled.jpg","width":2560,"height":1244,"caption":"Trabajadorxs migrantes agr\u00edcolas participan en un juego durante un taller educativo ofrecido por Fuerza Migrante"},{"@type":"BreadcrumbList","@id":"https:\/\/fuerzamigrante.ca\/apoyanos\/#breadcrumb","itemListElement":[{"@type":"ListItem","position":1,"name":"Home","item":"https:\/\/fuerzamigrante.ca\/"},{"@type":"ListItem","position":2,"name":"Ap\u00f3yanos"}]},{"@type":"WebSite","@id":"https:\/\/fuerzamigrante.ca\/#website","url":"https:\/\/fuerzamigrante.ca\/","name":"Fuerza Migrante","description":"For the autonomy and freedom of all migrants!","publisher":{"@id":"https:\/\/fuerzamigrante.ca\/#organization"},"potentialAction":[{"@type":"SearchAction","target":{"@type":"EntryPoint","urlTemplate":"https:\/\/fuerzamigrante.ca\/?s={search_term_string}"},"query-input":{"@type":"PropertyValueSpecification","valueRequired":true,"valueName":"search_term_string"}}],"inLanguage":"en-CA"},{"@type":"Organization","@id":"https:\/\/fuerzamigrante.ca\/#organization","name":"Fuerza Migrante","url":"https:\/\/fuerzamigrante.ca\/","logo":{"@type":"ImageObject","inLanguage":"en-CA","@id":"https:\/\/fuerzamigrante.ca\/#\/schema\/logo\/image\/","url":"https:\/\/fuerzamigrante.ca\/wp-content\/uploads\/2020\/08\/fm-logo-main.png","contentUrl":"https:\/\/fuerzamigrante.ca\/wp-content\/uploads\/2020\/08\/fm-logo-main.png","width":547,"height":594,"caption":"Fuerza Migrante"},"image":{"@id":"https:\/\/fuerzamigrante.ca\/#\/schema\/logo\/image\/"},"sameAs":["https:\/\/facebook.com\/fuerzamigrantx","https:\/\/x.com\/fuerzamigrantx"]}]}},"_links":{"self":[{"href":"https:\/\/fuerzamigrante.ca\/en\/wp-json\/wp\/v2\/pages\/76","targetHints":{"allow":["GET"]}}],"collection":[{"href":"https:\/\/fuerzamigrante.ca\/en\/wp-json\/wp\/v2\/pages"}],"about":[{"href":"https:\/\/fuerzamigrante.ca\/en\/wp-json\/wp\/v2\/types\/page"}],"author":[{"embeddable":true,"href":"https:\/\/fuerzamigrante.ca\/en\/wp-json\/wp\/v2\/users\/1"}],"replies":[{"embeddable":true,"href":"https:\/\/fuerzamigrante.ca\/en\/wp-json\/wp\/v2\/comments?post=76"}],"version-history":[{"count":10,"href":"https:\/\/fuerzamigrante.ca\/en\/wp-json\/wp\/v2\/pages\/76\/revisions"}],"predecessor-version":[{"id":201,"href":"https:\/\/fuerzamigrante.ca\/en\/wp-json\/wp\/v2\/pages\/76\/revisions\/201"}],"wp:featuredmedia":[{"embeddable":true,"href":"https:\/\/fuerzamigrante.ca\/en\/wp-json\/wp\/v2\/media\/49"}],"wp:attachment":[{"href":"https:\/\/fuerzamigrante.ca\/en\/wp-json\/wp\/v2\/media?parent=76"}],"curies":[{"name":"wp","href":"https:\/\/api.w.org\/{rel}","templated":true}]}}