{"id":72,"date":"2020-08-05T21:36:36","date_gmt":"2020-08-06T04:36:36","guid":{"rendered":"http:\/\/fuerzamigrante.ca\/?page_id=72"},"modified":"2021-04-06T20:15:38","modified_gmt":"2021-04-07T03:15:38","slug":"nuestro-trabajo","status":"publish","type":"page","link":"https:\/\/fuerzamigrante.ca\/en\/nuestro-trabajo\/","title":{"rendered":"Our work"},"content":{"rendered":"<p>Migrant farm workers in the unceded Indigenous territories known as British Columbia are one of the most vulnerable populations of the capitalist system that exploits us all. The vast majority of these workers identify as male, and therefore our work includes recognizing and understanding that the patriarchy is a major obstacle in this struggle. Patriarchal discourse and practice not only teaches cismales to objectify and enact violence against folks who do not conform to traditional roles of masculinity, it also encourages self-harm through unsustainable levels of neglect towards their own physical and mental health by devaluing self-care and emotions as \u201cfeminine\u201d, and therefore, \u201cinferior,\u201d traits. This is why our work is explicitly and fervently multidimensional: identifying and organizing against these inter-connected forms of oppression creates an opportunity for radical political action where we can achieve victory in all of our struggles.<\/p>\n\n\n\n<figure class=\"wp-block-image size-large\"><img loading=\"lazy\" decoding=\"async\" width=\"1024\" height=\"683\" src=\"http:\/\/fuerzamigrante.ca\/wp-content\/uploads\/2020\/08\/visiting-farms-06-1024x683.jpg\" alt=\"\" class=\"wp-image-42\" srcset=\"https:\/\/fuerzamigrante.ca\/wp-content\/uploads\/2020\/08\/visiting-farms-06-1024x683.jpg 1024w, https:\/\/fuerzamigrante.ca\/wp-content\/uploads\/2020\/08\/visiting-farms-06-300x200.jpg 300w, https:\/\/fuerzamigrante.ca\/wp-content\/uploads\/2020\/08\/visiting-farms-06-768x512.jpg 768w, https:\/\/fuerzamigrante.ca\/wp-content\/uploads\/2020\/08\/visiting-farms-06-1200x800.jpg 1200w, https:\/\/fuerzamigrante.ca\/wp-content\/uploads\/2020\/08\/visiting-farms-06.jpg 1500w\" sizes=\"auto, (max-width: 1024px) 100vw, 1024px\" \/><figcaption>Fuerza Migrante visits farms all over British Columbia, offering workshops and services that aim to build the workers' knowledge and trust of each other.<\/figcaption><\/figure>\n\n\n\n<p>We have worked on the article<a href=\"https:\/\/fuerzamigrante.ca\/en\/multidimensional-solidarity\/\"> \u201cMultidimensional solidarity: Building migrant power means challenging hegemonic masculinity,\u201d<\/a> which explains this pillar of our work.<\/p>\n\n\n\n<p>Migrant workers face unjust working and living conditions as a result of geographic isolation, racialization, restricted access to social services, and an exclusive legal bond to a singular employer. This is why Fuerza Migrante endeavors to design and implement projects that attack these tools of oppression. Through these, the organization assists migrant workers, free of charge, in solving any issues they may have \u2013 whether with employers, government institutions, or in everyday life as migrants \u2013 always seeking to build collective solutions that promote organization, and which contribute to a liberatory movement in which workers\u2019 autonomy goes together with the self-determination of women, Indigenous, people of colour and LGBTQ communities.<\/p>\n\n\n\n<p>We are committed to placing the workers and their needs at the centre of our projects and advocacy work, facilitating collective decision-making for how our organization can best support them while they are living in Canada and abroad. The majority of our projects are geared towards migrant farm workers and implemented in B.C., but we also provide services, information, and support to migrant workers and folks with precarious status across Canada and in Mexico and Guatemala.<\/p>\n\n\n\n<h2 class=\"wp-block-heading\">Our logo:<\/h2>\n\n\n\n<div class=\"wp-block-columns is-layout-flex wp-container-core-columns-is-layout-9d6595d7 wp-block-columns-is-layout-flex\">\n<div class=\"wp-block-column is-layout-flow wp-block-column-is-layout-flow\">\n<figure class=\"wp-block-image size-large\"><img loading=\"lazy\" decoding=\"async\" width=\"547\" height=\"594\" src=\"http:\/\/fuerzamigrante.ca\/wp-content\/uploads\/2020\/08\/fm-logo-main-white.png\" alt=\"Logo of Fuerza Migrante\" class=\"wp-image-11\" srcset=\"https:\/\/fuerzamigrante.ca\/wp-content\/uploads\/2020\/08\/fm-logo-main-white.png 547w, https:\/\/fuerzamigrante.ca\/wp-content\/uploads\/2020\/08\/fm-logo-main-white-276x300.png 276w\" sizes=\"auto, (max-width: 547px) 100vw, 547px\" \/><\/figure>\n<\/div>\n\n\n\n<div class=\"wp-block-column is-layout-flow wp-block-column-is-layout-flow\">\n<p>Many Indigenous nations of the continent have stories of the hummingbird being a bringer of wisdom and gifts; an audacious messenger offering aid to humanity in times of need; personifications of our ancestors; or the spirit of warriors who died in battle. We chose the hummingbird because of its historical and cultural significance, but also because it\u2019s a bird native to the continent, from Alaska to Tierra del Fuego, and the Caribbean. This is also to represent that we all share the continent, but each of us belong to particular homelands. It is black and red because together, these colours represent the unity and strength of horizontality, self-determination and communal power.<\/p>\n<\/div>\n<\/div>","protected":false},"excerpt":{"rendered":"<p>Les trabajadorxs agr\u00edcolas migrantes en los territorios ind\u00edgenas no cedidos conocidos como Columbia Brit\u00e1nica, son una de las poblaciones m\u00e1s vulnerables dentro del sistema capitalista que nos explota a todes. La gran mayor\u00eda de \u00e9stos trabajadores se identifican como hombres, y por lo tanto nuestro trabajo incluye reconocer y entender que el patriarcado es un [&hellip;]<\/p>\n","protected":false},"author":1,"featured_media":59,"parent":0,"menu_order":0,"comment_status":"closed","ping_status":"closed","template":"","meta":{"footnotes":""},"class_list":["post-72","page","type-page","status-publish","has-post-thumbnail","hentry"],"yoast_head":"<!-- This site is optimized with the Yoast SEO plugin v27.2 - https:\/\/yoast.com\/product\/yoast-seo-wordpress\/ -->\n<title>Nuestro trabajo - Fuerza Migrante<\/title>\n<meta name=\"description\" content=\"Nuestro trabajo es organizar con trabajadorxs migrantes agr\u00edcolas de forma multidimensional, contra todas las formas de opresi\u00f3n.\" \/>\n<meta name=\"robots\" content=\"index, follow, max-snippet:-1, max-image-preview:large, max-video-preview:-1\" \/>\n<link rel=\"canonical\" href=\"https:\/\/fuerzamigrante.ca\/en\/nuestro-trabajo\/\" \/>\n<meta property=\"og:locale\" content=\"en_US\" \/>\n<meta property=\"og:type\" content=\"article\" \/>\n<meta property=\"og:title\" content=\"Nuestro trabajo - Fuerza Migrante\" \/>\n<meta property=\"og:description\" content=\"Nuestro trabajo es organizar con trabajadorxs migrantes agr\u00edcolas de forma multidimensional, contra todas las formas de opresi\u00f3n.\" \/>\n<meta property=\"og:url\" content=\"https:\/\/fuerzamigrante.ca\/en\/nuestro-trabajo\/\" \/>\n<meta property=\"og:site_name\" content=\"Fuerza Migrante\" \/>\n<meta property=\"article:publisher\" content=\"https:\/\/facebook.com\/fuerzamigrantx\" \/>\n<meta property=\"article:modified_time\" content=\"2021-04-07T03:15:38+00:00\" \/>\n<meta property=\"og:image\" content=\"https:\/\/fuerzamigrante.ca\/wp-content\/uploads\/2020\/08\/2020-06-14_morocade-status-for-all-BC_taken-by-Fuerza-Migrante-06-scaled.jpg\" \/>\n\t<meta property=\"og:image:width\" content=\"2560\" \/>\n\t<meta property=\"og:image:height\" content=\"1437\" \/>\n\t<meta property=\"og:image:type\" content=\"image\/jpeg\" \/>\n<meta name=\"twitter:card\" content=\"summary_large_image\" \/>\n<meta name=\"twitter:site\" content=\"@fuerzamigrantx\" \/>\n<meta name=\"twitter:label1\" content=\"Est. reading time\" \/>\n\t<meta name=\"twitter:data1\" content=\"3 minutes\" \/>\n<script type=\"application\/ld+json\" class=\"yoast-schema-graph\">{\"@context\":\"https:\/\/schema.org\",\"@graph\":[{\"@type\":\"WebPage\",\"@id\":\"https:\/\/fuerzamigrante.ca\/nuestro-trabajo\/\",\"url\":\"https:\/\/fuerzamigrante.ca\/nuestro-trabajo\/\",\"name\":\"Nuestro trabajo - Fuerza Migrante\",\"isPartOf\":{\"@id\":\"https:\/\/fuerzamigrante.ca\/#website\"},\"primaryImageOfPage\":{\"@id\":\"https:\/\/fuerzamigrante.ca\/nuestro-trabajo\/#primaryimage\"},\"image\":{\"@id\":\"https:\/\/fuerzamigrante.ca\/nuestro-trabajo\/#primaryimage\"},\"thumbnailUrl\":\"https:\/\/fuerzamigrante.ca\/wp-content\/uploads\/2020\/08\/2020-06-14_morocade-status-for-all-BC_taken-by-Fuerza-Migrante-06-scaled.jpg\",\"datePublished\":\"2020-08-06T04:36:36+00:00\",\"dateModified\":\"2021-04-07T03:15:38+00:00\",\"description\":\"Nuestro trabajo es organizar con trabajadorxs migrantes agr\u00edcolas de forma multidimensional, contra todas las formas de opresi\u00f3n.\",\"breadcrumb\":{\"@id\":\"https:\/\/fuerzamigrante.ca\/nuestro-trabajo\/#breadcrumb\"},\"inLanguage\":\"en-CA\",\"potentialAction\":[{\"@type\":\"ReadAction\",\"target\":[\"https:\/\/fuerzamigrante.ca\/nuestro-trabajo\/\"]}]},{\"@type\":\"ImageObject\",\"inLanguage\":\"en-CA\",\"@id\":\"https:\/\/fuerzamigrante.ca\/nuestro-trabajo\/#primaryimage\",\"url\":\"https:\/\/fuerzamigrante.ca\/wp-content\/uploads\/2020\/08\/2020-06-14_morocade-status-for-all-BC_taken-by-Fuerza-Migrante-06-scaled.jpg\",\"contentUrl\":\"https:\/\/fuerzamigrante.ca\/wp-content\/uploads\/2020\/08\/2020-06-14_morocade-status-for-all-BC_taken-by-Fuerza-Migrante-06-scaled.jpg\",\"width\":2560,\"height\":1437,\"caption\":\"Miembres de Fuerza Migrante habl\u00e1ndo ante el p\u00fablico al inicio de la caravana de autos organizada para un d\u00eda de acci\u00f3n para demandar estatus para todes.\"},{\"@type\":\"BreadcrumbList\",\"@id\":\"https:\/\/fuerzamigrante.ca\/nuestro-trabajo\/#breadcrumb\",\"itemListElement\":[{\"@type\":\"ListItem\",\"position\":1,\"name\":\"Home\",\"item\":\"https:\/\/fuerzamigrante.ca\/\"},{\"@type\":\"ListItem\",\"position\":2,\"name\":\"Nuestro trabajo\"}]},{\"@type\":\"WebSite\",\"@id\":\"https:\/\/fuerzamigrante.ca\/#website\",\"url\":\"https:\/\/fuerzamigrante.ca\/\",\"name\":\"Fuerza Migrante\",\"description\":\"Por la libertad y autonom\u00eda de les migrantes!\",\"publisher\":{\"@id\":\"https:\/\/fuerzamigrante.ca\/#organization\"},\"potentialAction\":[{\"@type\":\"SearchAction\",\"target\":{\"@type\":\"EntryPoint\",\"urlTemplate\":\"https:\/\/fuerzamigrante.ca\/?s={search_term_string}\"},\"query-input\":{\"@type\":\"PropertyValueSpecification\",\"valueRequired\":true,\"valueName\":\"search_term_string\"}}],\"inLanguage\":\"en-CA\"},{\"@type\":\"Organization\",\"@id\":\"https:\/\/fuerzamigrante.ca\/#organization\",\"name\":\"Fuerza Migrante\",\"url\":\"https:\/\/fuerzamigrante.ca\/\",\"logo\":{\"@type\":\"ImageObject\",\"inLanguage\":\"en-CA\",\"@id\":\"https:\/\/fuerzamigrante.ca\/#\/schema\/logo\/image\/\",\"url\":\"https:\/\/fuerzamigrante.ca\/wp-content\/uploads\/2020\/08\/fm-logo-main.png\",\"contentUrl\":\"https:\/\/fuerzamigrante.ca\/wp-content\/uploads\/2020\/08\/fm-logo-main.png\",\"width\":547,\"height\":594,\"caption\":\"Fuerza Migrante\"},\"image\":{\"@id\":\"https:\/\/fuerzamigrante.ca\/#\/schema\/logo\/image\/\"},\"sameAs\":[\"https:\/\/facebook.com\/fuerzamigrantx\",\"https:\/\/x.com\/fuerzamigrantx\"]}]}<\/script>\n<!-- \/ Yoast SEO plugin. -->","yoast_head_json":{"title":"Nuestro trabajo - Fuerza Migrante","description":"Nuestro trabajo es organizar con trabajadorxs migrantes agr\u00edcolas de forma multidimensional, contra todas las formas de opresi\u00f3n.","robots":{"index":"index","follow":"follow","max-snippet":"max-snippet:-1","max-image-preview":"max-image-preview:large","max-video-preview":"max-video-preview:-1"},"canonical":"https:\/\/fuerzamigrante.ca\/en\/nuestro-trabajo\/","og_locale":"en_US","og_type":"article","og_title":"Nuestro trabajo - Fuerza Migrante","og_description":"Nuestro trabajo es organizar con trabajadorxs migrantes agr\u00edcolas de forma multidimensional, contra todas las formas de opresi\u00f3n.","og_url":"https:\/\/fuerzamigrante.ca\/en\/nuestro-trabajo\/","og_site_name":"Fuerza Migrante","article_publisher":"https:\/\/facebook.com\/fuerzamigrantx","article_modified_time":"2021-04-07T03:15:38+00:00","og_image":[{"width":2560,"height":1437,"url":"https:\/\/fuerzamigrante.ca\/wp-content\/uploads\/2020\/08\/2020-06-14_morocade-status-for-all-BC_taken-by-Fuerza-Migrante-06-scaled.jpg","type":"image\/jpeg"}],"twitter_card":"summary_large_image","twitter_site":"@fuerzamigrantx","twitter_misc":{"Est. reading time":"3 minutes"},"schema":{"@context":"https:\/\/schema.org","@graph":[{"@type":"WebPage","@id":"https:\/\/fuerzamigrante.ca\/nuestro-trabajo\/","url":"https:\/\/fuerzamigrante.ca\/nuestro-trabajo\/","name":"Nuestro trabajo - Fuerza Migrante","isPartOf":{"@id":"https:\/\/fuerzamigrante.ca\/#website"},"primaryImageOfPage":{"@id":"https:\/\/fuerzamigrante.ca\/nuestro-trabajo\/#primaryimage"},"image":{"@id":"https:\/\/fuerzamigrante.ca\/nuestro-trabajo\/#primaryimage"},"thumbnailUrl":"https:\/\/fuerzamigrante.ca\/wp-content\/uploads\/2020\/08\/2020-06-14_morocade-status-for-all-BC_taken-by-Fuerza-Migrante-06-scaled.jpg","datePublished":"2020-08-06T04:36:36+00:00","dateModified":"2021-04-07T03:15:38+00:00","description":"Nuestro trabajo es organizar con trabajadorxs migrantes agr\u00edcolas de forma multidimensional, contra todas las formas de opresi\u00f3n.","breadcrumb":{"@id":"https:\/\/fuerzamigrante.ca\/nuestro-trabajo\/#breadcrumb"},"inLanguage":"en-CA","potentialAction":[{"@type":"ReadAction","target":["https:\/\/fuerzamigrante.ca\/nuestro-trabajo\/"]}]},{"@type":"ImageObject","inLanguage":"en-CA","@id":"https:\/\/fuerzamigrante.ca\/nuestro-trabajo\/#primaryimage","url":"https:\/\/fuerzamigrante.ca\/wp-content\/uploads\/2020\/08\/2020-06-14_morocade-status-for-all-BC_taken-by-Fuerza-Migrante-06-scaled.jpg","contentUrl":"https:\/\/fuerzamigrante.ca\/wp-content\/uploads\/2020\/08\/2020-06-14_morocade-status-for-all-BC_taken-by-Fuerza-Migrante-06-scaled.jpg","width":2560,"height":1437,"caption":"Miembres de Fuerza Migrante habl\u00e1ndo ante el p\u00fablico al inicio de la caravana de autos organizada para un d\u00eda de acci\u00f3n para demandar estatus para todes."},{"@type":"BreadcrumbList","@id":"https:\/\/fuerzamigrante.ca\/nuestro-trabajo\/#breadcrumb","itemListElement":[{"@type":"ListItem","position":1,"name":"Home","item":"https:\/\/fuerzamigrante.ca\/"},{"@type":"ListItem","position":2,"name":"Nuestro trabajo"}]},{"@type":"WebSite","@id":"https:\/\/fuerzamigrante.ca\/#website","url":"https:\/\/fuerzamigrante.ca\/","name":"Fuerza Migrante","description":"For the autonomy and freedom of all migrants!","publisher":{"@id":"https:\/\/fuerzamigrante.ca\/#organization"},"potentialAction":[{"@type":"SearchAction","target":{"@type":"EntryPoint","urlTemplate":"https:\/\/fuerzamigrante.ca\/?s={search_term_string}"},"query-input":{"@type":"PropertyValueSpecification","valueRequired":true,"valueName":"search_term_string"}}],"inLanguage":"en-CA"},{"@type":"Organization","@id":"https:\/\/fuerzamigrante.ca\/#organization","name":"Fuerza Migrante","url":"https:\/\/fuerzamigrante.ca\/","logo":{"@type":"ImageObject","inLanguage":"en-CA","@id":"https:\/\/fuerzamigrante.ca\/#\/schema\/logo\/image\/","url":"https:\/\/fuerzamigrante.ca\/wp-content\/uploads\/2020\/08\/fm-logo-main.png","contentUrl":"https:\/\/fuerzamigrante.ca\/wp-content\/uploads\/2020\/08\/fm-logo-main.png","width":547,"height":594,"caption":"Fuerza Migrante"},"image":{"@id":"https:\/\/fuerzamigrante.ca\/#\/schema\/logo\/image\/"},"sameAs":["https:\/\/facebook.com\/fuerzamigrantx","https:\/\/x.com\/fuerzamigrantx"]}]}},"_links":{"self":[{"href":"https:\/\/fuerzamigrante.ca\/en\/wp-json\/wp\/v2\/pages\/72","targetHints":{"allow":["GET"]}}],"collection":[{"href":"https:\/\/fuerzamigrante.ca\/en\/wp-json\/wp\/v2\/pages"}],"about":[{"href":"https:\/\/fuerzamigrante.ca\/en\/wp-json\/wp\/v2\/types\/page"}],"author":[{"embeddable":true,"href":"https:\/\/fuerzamigrante.ca\/en\/wp-json\/wp\/v2\/users\/1"}],"replies":[{"embeddable":true,"href":"https:\/\/fuerzamigrante.ca\/en\/wp-json\/wp\/v2\/comments?post=72"}],"version-history":[{"count":7,"href":"https:\/\/fuerzamigrante.ca\/en\/wp-json\/wp\/v2\/pages\/72\/revisions"}],"predecessor-version":[{"id":211,"href":"https:\/\/fuerzamigrante.ca\/en\/wp-json\/wp\/v2\/pages\/72\/revisions\/211"}],"wp:featuredmedia":[{"embeddable":true,"href":"https:\/\/fuerzamigrante.ca\/en\/wp-json\/wp\/v2\/media\/59"}],"wp:attachment":[{"href":"https:\/\/fuerzamigrante.ca\/en\/wp-json\/wp\/v2\/media?parent=72"}],"curies":[{"name":"wp","href":"https:\/\/api.w.org\/{rel}","templated":true}]}}